{"id":7984,"date":"2020-06-08T11:09:45","date_gmt":"2020-06-08T09:09:45","guid":{"rendered":"https:\/\/paw1.pronet.nstrefa.pl\/?page_id=7984"},"modified":"2020-06-15T11:49:48","modified_gmt":"2020-06-15T09:49:48","slug":"o-firmie","status":"publish","type":"page","link":"https:\/\/pawex-oronsko.pl\/index.php\/o-firmie\/","title":{"rendered":"O FIRMIE"},"content":{"rendered":"\n<p><strong>Firma AUTO-CZ\u0118\u015aCI \u201ePAWEX\u201d powsta\u0142a w 2002 roku. Od pocz\u0105tku dzia\u0142alno\u015bci nasza firma koncentruje si\u0119 na sprzeda\u017cy cz\u0119\u015bci motoryzacyjnych. Celem i ambicj\u0105 firmy jest zapewnienie naszym klientom szerokiej oferty cz\u0119\u015bci nowych i u\u017cywanych. Oferujemy zar\u00f3wno cz\u0119\u015bci mechaniczne jak i blacharskie.<\/strong><\/p>\n\n\n\n<p><strong>Podstawowy asortyment naszej firmy:<\/strong><\/p>\n\n\n\n<ul class=\"wp-block-list\"><li><strong>silniki,<\/strong><\/li><li><strong>skrzynie bieg\u00f3w,<\/strong><\/li><li><strong>rozruszniki,<\/strong><\/li><li><strong>alternatory, oraz wiele innych.<\/strong><\/li><\/ul>\n\n\n\n<p><strong>Oferujemy sprzeda\u017c bezpo\u015bredni\u0105 oraz wysy\u0142kow\u0105. Cz\u0119\u015bci importujemy z kraj\u00f3w Europy Zachodniej, oraz pozyskujemy z w\u0142asnych rozbi\u00f3rek. Istnieje mo\u017cliwo\u015b\u0107 wymiany cz\u0119\u015bci na miejscu. Wieloletnie do\u015bwiadczenie naszych pracownik\u00f3w sprawia, \u017ce marka Pawex cieszy si\u0119 uznaniem klient\u00f3w, partner\u00f3w i wsp\u00f3\u0142pracownik\u00f3w.<\/strong><\/p>\n\n\n\n<div style=\"height:68px\" aria-hidden=\"true\" class=\"wp-block-spacer\"><\/div>\n\n\n\n<div class=\"wp-block-image\"><figure class=\"aligncenter size-large\"><img loading=\"lazy\" decoding=\"async\" width=\"700\" height=\"525\" src=\"https:\/\/pawex-oronsko.pl\/wp-content\/uploads\/2020\/06\/RSCN4097.jpg\" alt=\"\" class=\"wp-image-8167\" srcset=\"https:\/\/pawex-oronsko.pl\/wp-content\/uploads\/2020\/06\/RSCN4097.jpg 700w, https:\/\/pawex-oronsko.pl\/wp-content\/uploads\/2020\/06\/RSCN4097-300x225.jpg 300w\" sizes=\"auto, (max-width: 700px) 100vw, 700px\" \/><\/figure><\/div>\n\n\n\n<figure class=\"wp-block-gallery columns-3 is-cropped wp-block-gallery-1 is-layout-flex wp-block-gallery-is-layout-flex\"><ul class=\"blocks-gallery-grid\"><li class=\"blocks-gallery-item\"><figure><a href=\"https:\/\/pawex-oronsko.pl\/wp-content\/uploads\/2020\/06\/g18.jpg\"><img loading=\"lazy\" decoding=\"async\" width=\"640\" height=\"426\" src=\"https:\/\/pawex-oronsko.pl\/wp-content\/uploads\/2020\/06\/g18.jpg\" alt=\"\" data-id=\"8133\" data-full-url=\"https:\/\/pawex-oronsko.pl\/wp-content\/uploads\/2020\/06\/g18.jpg\" data-link=\"https:\/\/pawex-oronsko.pl\/index.php\/o-firmie\/g18\/\" class=\"wp-image-8133\" srcset=\"https:\/\/pawex-oronsko.pl\/wp-content\/uploads\/2020\/06\/g18.jpg 640w, https:\/\/pawex-oronsko.pl\/wp-content\/uploads\/2020\/06\/g18-300x200.jpg 300w\" sizes=\"auto, (max-width: 640px) 100vw, 640px\" \/><\/a><\/figure><\/li><li class=\"blocks-gallery-item\"><figure><a href=\"https:\/\/pawex-oronsko.pl\/wp-content\/uploads\/2020\/06\/g16.jpg\"><img loading=\"lazy\" decoding=\"async\" width=\"640\" height=\"426\" src=\"https:\/\/pawex-oronsko.pl\/wp-content\/uploads\/2020\/06\/g16.jpg\" alt=\"\" data-id=\"8131\" data-full-url=\"https:\/\/pawex-oronsko.pl\/wp-content\/uploads\/2020\/06\/g16.jpg\" data-link=\"https:\/\/pawex-oronsko.pl\/index.php\/o-firmie\/g16\/\" class=\"wp-image-8131\" srcset=\"https:\/\/pawex-oronsko.pl\/wp-content\/uploads\/2020\/06\/g16.jpg 640w, https:\/\/pawex-oronsko.pl\/wp-content\/uploads\/2020\/06\/g16-300x200.jpg 300w\" sizes=\"auto, (max-width: 640px) 100vw, 640px\" \/><\/a><\/figure><\/li><li class=\"blocks-gallery-item\"><figure><a href=\"https:\/\/pawex-oronsko.pl\/wp-content\/uploads\/2020\/06\/g15.jpg\"><img loading=\"lazy\" decoding=\"async\" width=\"640\" height=\"426\" src=\"https:\/\/pawex-oronsko.pl\/wp-content\/uploads\/2020\/06\/g15.jpg\" alt=\"\" data-id=\"8130\" data-full-url=\"https:\/\/pawex-oronsko.pl\/wp-content\/uploads\/2020\/06\/g15.jpg\" data-link=\"https:\/\/pawex-oronsko.pl\/index.php\/o-firmie\/g15\/\" class=\"wp-image-8130\" srcset=\"https:\/\/pawex-oronsko.pl\/wp-content\/uploads\/2020\/06\/g15.jpg 640w, https:\/\/pawex-oronsko.pl\/wp-content\/uploads\/2020\/06\/g15-300x200.jpg 300w\" sizes=\"auto, (max-width: 640px) 100vw, 640px\" \/><\/a><\/figure><\/li><li class=\"blocks-gallery-item\"><figure><a href=\"https:\/\/pawex-oronsko.pl\/wp-content\/uploads\/2020\/06\/g11.jpg\"><img loading=\"lazy\" decoding=\"async\" width=\"640\" height=\"426\" src=\"https:\/\/pawex-oronsko.pl\/wp-content\/uploads\/2020\/06\/g11.jpg\" alt=\"\" data-id=\"8127\" data-full-url=\"https:\/\/pawex-oronsko.pl\/wp-content\/uploads\/2020\/06\/g11.jpg\" data-link=\"https:\/\/pawex-oronsko.pl\/index.php\/o-firmie\/g11\/\" class=\"wp-image-8127\" srcset=\"https:\/\/pawex-oronsko.pl\/wp-content\/uploads\/2020\/06\/g11.jpg 640w, https:\/\/pawex-oronsko.pl\/wp-content\/uploads\/2020\/06\/g11-300x200.jpg 300w\" sizes=\"auto, (max-width: 640px) 100vw, 640px\" \/><\/a><\/figure><\/li><li class=\"blocks-gallery-item\"><figure><a href=\"https:\/\/pawex-oronsko.pl\/wp-content\/uploads\/2020\/06\/g13.jpg\"><img loading=\"lazy\" decoding=\"async\" width=\"640\" height=\"426\" src=\"https:\/\/pawex-oronsko.pl\/wp-content\/uploads\/2020\/06\/g13.jpg\" alt=\"\" data-id=\"8129\" data-full-url=\"https:\/\/pawex-oronsko.pl\/wp-content\/uploads\/2020\/06\/g13.jpg\" data-link=\"https:\/\/pawex-oronsko.pl\/index.php\/o-firmie\/g13\/\" class=\"wp-image-8129\" srcset=\"https:\/\/pawex-oronsko.pl\/wp-content\/uploads\/2020\/06\/g13.jpg 640w, https:\/\/pawex-oronsko.pl\/wp-content\/uploads\/2020\/06\/g13-300x200.jpg 300w\" sizes=\"auto, (max-width: 640px) 100vw, 640px\" \/><\/a><\/figure><\/li><li class=\"blocks-gallery-item\"><figure><a href=\"https:\/\/pawex-oronsko.pl\/wp-content\/uploads\/2020\/06\/a1.jpg\"><img loading=\"lazy\" decoding=\"async\" width=\"640\" height=\"427\" src=\"https:\/\/pawex-oronsko.pl\/wp-content\/uploads\/2020\/06\/a1.jpg\" alt=\"\" data-id=\"8115\" data-full-url=\"https:\/\/pawex-oronsko.pl\/wp-content\/uploads\/2020\/06\/a1.jpg\" data-link=\"https:\/\/pawex-oronsko.pl\/index.php\/o-firmie\/a1\/\" class=\"wp-image-8115\" srcset=\"https:\/\/pawex-oronsko.pl\/wp-content\/uploads\/2020\/06\/a1.jpg 640w, https:\/\/pawex-oronsko.pl\/wp-content\/uploads\/2020\/06\/a1-300x200.jpg 300w\" sizes=\"auto, (max-width: 640px) 100vw, 640px\" \/><\/a><\/figure><\/li><li class=\"blocks-gallery-item\"><figure><a href=\"https:\/\/pawex-oronsko.pl\/wp-content\/uploads\/2020\/06\/g22.jpg\"><img loading=\"lazy\" decoding=\"async\" width=\"640\" height=\"426\" src=\"https:\/\/pawex-oronsko.pl\/wp-content\/uploads\/2020\/06\/g22.jpg\" alt=\"\" data-id=\"8137\" data-full-url=\"https:\/\/pawex-oronsko.pl\/wp-content\/uploads\/2020\/06\/g22.jpg\" data-link=\"https:\/\/pawex-oronsko.pl\/index.php\/o-firmie\/g22\/\" class=\"wp-image-8137\" srcset=\"https:\/\/pawex-oronsko.pl\/wp-content\/uploads\/2020\/06\/g22.jpg 640w, https:\/\/pawex-oronsko.pl\/wp-content\/uploads\/2020\/06\/g22-300x200.jpg 300w\" sizes=\"auto, (max-width: 640px) 100vw, 640px\" \/><\/a><\/figure><\/li><\/ul><\/figure>\n","protected":false},"excerpt":{"rendered":"<p>Firma AUTO-CZ\u0118\u015aCI \u201ePAWEX\u201d powsta\u0142a w 2002 roku. Od pocz\u0105tku dzia\u0142alno\u015bci nasza firma koncentruje si\u0119 na sprzeda\u017cy cz\u0119\u015bci motoryzacyjnych. Celem i ambicj\u0105 firmy jest zapewnienie naszym klientom szerokiej oferty cz\u0119\u015bci nowych i u\u017cywanych. Oferujemy zar\u00f3wno cz\u0119\u015bci mechaniczne jak i blacharskie. Podstawowy asortyment naszej firmy: silniki, skrzynie [&hellip;]<\/p>\n","protected":false},"author":1,"featured_media":0,"parent":0,"menu_order":0,"comment_status":"closed","ping_status":"closed","template":"","meta":{"footnotes":""},"class_list":["post-7984","page","type-page","status-publish","hentry"],"yoast_head":"<!-- This site is optimized with the Yoast SEO plugin v25.5 - https:\/\/yoast.com\/wordpress\/plugins\/seo\/ -->\n<title>O FIRMIE - PAWEX-ORO\u0143SKO<\/title>\n<meta name=\"robots\" content=\"index, follow, max-snippet:-1, max-image-preview:large, max-video-preview:-1\" \/>\n<link rel=\"canonical\" href=\"https:\/\/pawex-oronsko.pl\/index.php\/o-firmie\/\" \/>\n<meta property=\"og:locale\" content=\"pl_PL\" \/>\n<meta property=\"og:type\" content=\"article\" \/>\n<meta property=\"og:title\" content=\"O FIRMIE - PAWEX-ORO\u0143SKO\" \/>\n<meta property=\"og:description\" content=\"Firma AUTO-CZ\u0118\u015aCI \u201ePAWEX\u201d powsta\u0142a w 2002 roku. Od pocz\u0105tku dzia\u0142alno\u015bci nasza firma koncentruje si\u0119 na sprzeda\u017cy cz\u0119\u015bci motoryzacyjnych. Celem i ambicj\u0105 firmy jest zapewnienie naszym klientom szerokiej oferty cz\u0119\u015bci nowych i u\u017cywanych. Oferujemy zar\u00f3wno cz\u0119\u015bci mechaniczne jak i blacharskie. Podstawowy asortyment naszej firmy: silniki, skrzynie [&hellip;]\" \/>\n<meta property=\"og:url\" content=\"https:\/\/pawex-oronsko.pl\/index.php\/o-firmie\/\" \/>\n<meta property=\"og:site_name\" content=\"PAWEX-ORO\u0143SKO\" \/>\n<meta property=\"article:modified_time\" content=\"2020-06-15T09:49:48+00:00\" \/>\n<meta property=\"og:image\" content=\"https:\/\/pawex-oronsko.pl\/wp-content\/uploads\/2020\/06\/RSCN4097.jpg\" \/>\n<meta name=\"twitter:card\" content=\"summary_large_image\" \/>\n<meta name=\"twitter:label1\" content=\"Szacowany czas czytania\" \/>\n\t<meta name=\"twitter:data1\" content=\"1 minuta\" \/>\n<script type=\"application\/ld+json\" class=\"yoast-schema-graph\">{\"@context\":\"https:\/\/schema.org\",\"@graph\":[{\"@type\":\"WebPage\",\"@id\":\"https:\/\/pawex-oronsko.pl\/index.php\/o-firmie\/\",\"url\":\"https:\/\/pawex-oronsko.pl\/index.php\/o-firmie\/\",\"name\":\"O FIRMIE - PAWEX-ORO\u0143SKO\",\"isPartOf\":{\"@id\":\"https:\/\/pawex-oronsko.pl\/#website\"},\"primaryImageOfPage\":{\"@id\":\"https:\/\/pawex-oronsko.pl\/index.php\/o-firmie\/#primaryimage\"},\"image\":{\"@id\":\"https:\/\/pawex-oronsko.pl\/index.php\/o-firmie\/#primaryimage\"},\"thumbnailUrl\":\"https:\/\/pawex-oronsko.pl\/wp-content\/uploads\/2020\/06\/RSCN4097.jpg\",\"datePublished\":\"2020-06-08T09:09:45+00:00\",\"dateModified\":\"2020-06-15T09:49:48+00:00\",\"breadcrumb\":{\"@id\":\"https:\/\/pawex-oronsko.pl\/index.php\/o-firmie\/#breadcrumb\"},\"inLanguage\":\"pl-PL\",\"potentialAction\":[{\"@type\":\"ReadAction\",\"target\":[\"https:\/\/pawex-oronsko.pl\/index.php\/o-firmie\/\"]}]},{\"@type\":\"ImageObject\",\"inLanguage\":\"pl-PL\",\"@id\":\"https:\/\/pawex-oronsko.pl\/index.php\/o-firmie\/#primaryimage\",\"url\":\"https:\/\/pawex-oronsko.pl\/wp-content\/uploads\/2020\/06\/RSCN4097.jpg\",\"contentUrl\":\"https:\/\/pawex-oronsko.pl\/wp-content\/uploads\/2020\/06\/RSCN4097.jpg\",\"width\":700,\"height\":525},{\"@type\":\"BreadcrumbList\",\"@id\":\"https:\/\/pawex-oronsko.pl\/index.php\/o-firmie\/#breadcrumb\",\"itemListElement\":[{\"@type\":\"ListItem\",\"position\":1,\"name\":\"Strona g\u0142\u00f3wna\",\"item\":\"https:\/\/pawex-oronsko.pl\/\"},{\"@type\":\"ListItem\",\"position\":2,\"name\":\"O FIRMIE\"}]},{\"@type\":\"WebSite\",\"@id\":\"https:\/\/pawex-oronsko.pl\/#website\",\"url\":\"https:\/\/pawex-oronsko.pl\/\",\"name\":\"PAWEX-ORO\u0143SKO\",\"description\":\"Z\u0142omowanie pojazd\u00f3w\",\"potentialAction\":[{\"@type\":\"SearchAction\",\"target\":{\"@type\":\"EntryPoint\",\"urlTemplate\":\"https:\/\/pawex-oronsko.pl\/?s={search_term_string}\"},\"query-input\":{\"@type\":\"PropertyValueSpecification\",\"valueRequired\":true,\"valueName\":\"search_term_string\"}}],\"inLanguage\":\"pl-PL\"}]}<\/script>\n<!-- \/ Yoast SEO plugin. -->","yoast_head_json":{"title":"O FIRMIE - PAWEX-ORO\u0143SKO","robots":{"index":"index","follow":"follow","max-snippet":"max-snippet:-1","max-image-preview":"max-image-preview:large","max-video-preview":"max-video-preview:-1"},"canonical":"https:\/\/pawex-oronsko.pl\/index.php\/o-firmie\/","og_locale":"pl_PL","og_type":"article","og_title":"O FIRMIE - PAWEX-ORO\u0143SKO","og_description":"Firma AUTO-CZ\u0118\u015aCI \u201ePAWEX\u201d powsta\u0142a w 2002 roku. Od pocz\u0105tku dzia\u0142alno\u015bci nasza firma koncentruje si\u0119 na sprzeda\u017cy cz\u0119\u015bci motoryzacyjnych. Celem i ambicj\u0105 firmy jest zapewnienie naszym klientom szerokiej oferty cz\u0119\u015bci nowych i u\u017cywanych. Oferujemy zar\u00f3wno cz\u0119\u015bci mechaniczne jak i blacharskie. Podstawowy asortyment naszej firmy: silniki, skrzynie [&hellip;]","og_url":"https:\/\/pawex-oronsko.pl\/index.php\/o-firmie\/","og_site_name":"PAWEX-ORO\u0143SKO","article_modified_time":"2020-06-15T09:49:48+00:00","og_image":[{"url":"https:\/\/pawex-oronsko.pl\/wp-content\/uploads\/2020\/06\/RSCN4097.jpg","type":"","width":"","height":""}],"twitter_card":"summary_large_image","twitter_misc":{"Szacowany czas czytania":"1 minuta"},"schema":{"@context":"https:\/\/schema.org","@graph":[{"@type":"WebPage","@id":"https:\/\/pawex-oronsko.pl\/index.php\/o-firmie\/","url":"https:\/\/pawex-oronsko.pl\/index.php\/o-firmie\/","name":"O FIRMIE - PAWEX-ORO\u0143SKO","isPartOf":{"@id":"https:\/\/pawex-oronsko.pl\/#website"},"primaryImageOfPage":{"@id":"https:\/\/pawex-oronsko.pl\/index.php\/o-firmie\/#primaryimage"},"image":{"@id":"https:\/\/pawex-oronsko.pl\/index.php\/o-firmie\/#primaryimage"},"thumbnailUrl":"https:\/\/pawex-oronsko.pl\/wp-content\/uploads\/2020\/06\/RSCN4097.jpg","datePublished":"2020-06-08T09:09:45+00:00","dateModified":"2020-06-15T09:49:48+00:00","breadcrumb":{"@id":"https:\/\/pawex-oronsko.pl\/index.php\/o-firmie\/#breadcrumb"},"inLanguage":"pl-PL","potentialAction":[{"@type":"ReadAction","target":["https:\/\/pawex-oronsko.pl\/index.php\/o-firmie\/"]}]},{"@type":"ImageObject","inLanguage":"pl-PL","@id":"https:\/\/pawex-oronsko.pl\/index.php\/o-firmie\/#primaryimage","url":"https:\/\/pawex-oronsko.pl\/wp-content\/uploads\/2020\/06\/RSCN4097.jpg","contentUrl":"https:\/\/pawex-oronsko.pl\/wp-content\/uploads\/2020\/06\/RSCN4097.jpg","width":700,"height":525},{"@type":"BreadcrumbList","@id":"https:\/\/pawex-oronsko.pl\/index.php\/o-firmie\/#breadcrumb","itemListElement":[{"@type":"ListItem","position":1,"name":"Strona g\u0142\u00f3wna","item":"https:\/\/pawex-oronsko.pl\/"},{"@type":"ListItem","position":2,"name":"O FIRMIE"}]},{"@type":"WebSite","@id":"https:\/\/pawex-oronsko.pl\/#website","url":"https:\/\/pawex-oronsko.pl\/","name":"PAWEX-ORO\u0143SKO","description":"Z\u0142omowanie pojazd\u00f3w","potentialAction":[{"@type":"SearchAction","target":{"@type":"EntryPoint","urlTemplate":"https:\/\/pawex-oronsko.pl\/?s={search_term_string}"},"query-input":{"@type":"PropertyValueSpecification","valueRequired":true,"valueName":"search_term_string"}}],"inLanguage":"pl-PL"}]}},"_links":{"self":[{"href":"https:\/\/pawex-oronsko.pl\/index.php\/wp-json\/wp\/v2\/pages\/7984","targetHints":{"allow":["GET"]}}],"collection":[{"href":"https:\/\/pawex-oronsko.pl\/index.php\/wp-json\/wp\/v2\/pages"}],"about":[{"href":"https:\/\/pawex-oronsko.pl\/index.php\/wp-json\/wp\/v2\/types\/page"}],"author":[{"embeddable":true,"href":"https:\/\/pawex-oronsko.pl\/index.php\/wp-json\/wp\/v2\/users\/1"}],"replies":[{"embeddable":true,"href":"https:\/\/pawex-oronsko.pl\/index.php\/wp-json\/wp\/v2\/comments?post=7984"}],"version-history":[{"count":5,"href":"https:\/\/pawex-oronsko.pl\/index.php\/wp-json\/wp\/v2\/pages\/7984\/revisions"}],"predecessor-version":[{"id":8181,"href":"https:\/\/pawex-oronsko.pl\/index.php\/wp-json\/wp\/v2\/pages\/7984\/revisions\/8181"}],"wp:attachment":[{"href":"https:\/\/pawex-oronsko.pl\/index.php\/wp-json\/wp\/v2\/media?parent=7984"}],"curies":[{"name":"wp","href":"https:\/\/api.w.org\/{rel}","templated":true}]}}