{"id":7992,"date":"2020-06-08T11:18:07","date_gmt":"2020-06-08T09:18:07","guid":{"rendered":"https:\/\/paw1.pronet.nstrefa.pl\/?page_id=7992"},"modified":"2020-06-15T11:36:58","modified_gmt":"2020-06-15T09:36:58","slug":"stacja-demontazu-pojazdow","status":"publish","type":"page","link":"https:\/\/pawex-oronsko.pl\/index.php\/stacja-demontazu-pojazdow\/","title":{"rendered":"Stacja demonta\u017cu pojazd\u00f3w"},"content":{"rendered":"\n<p><strong>Posiadamy Stacj\u0119 demonta\u017cu Pojazd\u00f3w, funkcjonuj\u0105c\u0105 zgodnie z zasadami okre\u015blonymi w ustawie \u201eo recyklingu pojazd\u00f3w wycofanych z eksploatacji\u201d z dnia 20.01.2005r. \u2013 pozwolenie Wojewody Mazowieckiego nr W\u015aR. III. DC \/6620\/65\/08 z dnia 07.11.2008r.<\/strong><\/p>\n\n\n\n<ul class=\"wp-block-list\"><li><strong>wystawiamy za\u015bwiadczenia o kasacji,<\/strong><\/li><li><strong>posiadamy w\u0142asny transport,<\/strong><\/li><li><strong>skupujemy auta kompletne i powypadkowe.<\/strong><\/li><\/ul>\n\n\n\n<div style=\"height:100px\" aria-hidden=\"true\" class=\"wp-block-spacer\"><\/div>\n\n\n\n<figure class=\"wp-block-gallery columns-3 is-cropped wp-block-gallery-1 is-layout-flex wp-block-gallery-is-layout-flex\"><ul class=\"blocks-gallery-grid\"><li class=\"blocks-gallery-item\"><figure><a href=\"https:\/\/pawex-oronsko.pl\/wp-content\/uploads\/2020\/06\/IMG_1168.jpg\"><img loading=\"lazy\" decoding=\"async\" width=\"600\" height=\"450\" src=\"https:\/\/pawex-oronsko.pl\/wp-content\/uploads\/2020\/06\/IMG_1168.jpg\" alt=\"\" data-id=\"8146\" data-full-url=\"https:\/\/pawex-oronsko.pl\/wp-content\/uploads\/2020\/06\/IMG_1168.jpg\" data-link=\"https:\/\/pawex-oronsko.pl\/index.php\/o-firmie\/img_1168\/\" class=\"wp-image-8146\" srcset=\"https:\/\/pawex-oronsko.pl\/wp-content\/uploads\/2020\/06\/IMG_1168.jpg 600w, https:\/\/pawex-oronsko.pl\/wp-content\/uploads\/2020\/06\/IMG_1168-300x225.jpg 300w\" sizes=\"auto, (max-width: 600px) 100vw, 600px\" \/><\/a><figcaption class=\"blocks-gallery-item__caption\">stacja demonta\u017cu Pawex<\/figcaption><\/figure><\/li><li class=\"blocks-gallery-item\"><figure><a href=\"https:\/\/pawex-oronsko.pl\/wp-content\/uploads\/2020\/06\/IMG_11711.jpg\"><img loading=\"lazy\" decoding=\"async\" width=\"700\" height=\"525\" src=\"https:\/\/pawex-oronsko.pl\/wp-content\/uploads\/2020\/06\/IMG_11711.jpg\" alt=\"\" data-id=\"8152\" data-full-url=\"https:\/\/pawex-oronsko.pl\/wp-content\/uploads\/2020\/06\/IMG_11711.jpg\" data-link=\"https:\/\/pawex-oronsko.pl\/index.php\/o-firmie\/img_11711\/\" class=\"wp-image-8152\" srcset=\"https:\/\/pawex-oronsko.pl\/wp-content\/uploads\/2020\/06\/IMG_11711.jpg 700w, https:\/\/pawex-oronsko.pl\/wp-content\/uploads\/2020\/06\/IMG_11711-300x225.jpg 300w\" sizes=\"auto, (max-width: 700px) 100vw, 700px\" \/><\/a><figcaption class=\"blocks-gallery-item__caption\">stacja demontya\u017cu pojazd\u00f3w<\/figcaption><\/figure><\/li><li class=\"blocks-gallery-item\"><figure><a href=\"https:\/\/pawex-oronsko.pl\/wp-content\/uploads\/2020\/06\/g5.jpg\"><img loading=\"lazy\" decoding=\"async\" width=\"640\" height=\"426\" src=\"https:\/\/pawex-oronsko.pl\/wp-content\/uploads\/2020\/06\/g5.jpg\" alt=\"\" data-id=\"8122\" data-full-url=\"https:\/\/pawex-oronsko.pl\/wp-content\/uploads\/2020\/06\/g5.jpg\" data-link=\"https:\/\/pawex-oronsko.pl\/index.php\/o-firmie\/g5\/\" class=\"wp-image-8122\" srcset=\"https:\/\/pawex-oronsko.pl\/wp-content\/uploads\/2020\/06\/g5.jpg 640w, https:\/\/pawex-oronsko.pl\/wp-content\/uploads\/2020\/06\/g5-300x200.jpg 300w\" sizes=\"auto, (max-width: 640px) 100vw, 640px\" \/><\/a><figcaption class=\"blocks-gallery-item__caption\">demonta\u017c cz\u0119\u015bci samochodowych<\/figcaption><\/figure><\/li><li class=\"blocks-gallery-item\"><figure><a href=\"https:\/\/pawex-oronsko.pl\/wp-content\/uploads\/2020\/06\/IMG_1178.jpg\"><img loading=\"lazy\" decoding=\"async\" width=\"600\" height=\"450\" src=\"https:\/\/pawex-oronsko.pl\/wp-content\/uploads\/2020\/06\/IMG_1178.jpg\" alt=\"\" data-id=\"8160\" data-full-url=\"https:\/\/pawex-oronsko.pl\/wp-content\/uploads\/2020\/06\/IMG_1178.jpg\" data-link=\"https:\/\/pawex-oronsko.pl\/index.php\/o-firmie\/img_1178\/\" class=\"wp-image-8160\" srcset=\"https:\/\/pawex-oronsko.pl\/wp-content\/uploads\/2020\/06\/IMG_1178.jpg 600w, https:\/\/pawex-oronsko.pl\/wp-content\/uploads\/2020\/06\/IMG_1178-300x225.jpg 300w\" sizes=\"auto, (max-width: 600px) 100vw, 600px\" \/><\/a><figcaption class=\"blocks-gallery-item__caption\">skup pojazd\u00f3w<\/figcaption><\/figure><\/li><li class=\"blocks-gallery-item\"><figure><a href=\"https:\/\/pawex-oronsko.pl\/wp-content\/uploads\/2020\/06\/IMG_1174.jpg\"><img loading=\"lazy\" decoding=\"async\" width=\"700\" height=\"525\" src=\"https:\/\/pawex-oronsko.pl\/wp-content\/uploads\/2020\/06\/IMG_1174.jpg\" alt=\"\" data-id=\"8155\" data-full-url=\"https:\/\/pawex-oronsko.pl\/wp-content\/uploads\/2020\/06\/IMG_1174.jpg\" data-link=\"https:\/\/pawex-oronsko.pl\/index.php\/o-firmie\/img_1174\/\" class=\"wp-image-8155\" srcset=\"https:\/\/pawex-oronsko.pl\/wp-content\/uploads\/2020\/06\/IMG_1174.jpg 700w, https:\/\/pawex-oronsko.pl\/wp-content\/uploads\/2020\/06\/IMG_1174-300x225.jpg 300w\" sizes=\"auto, (max-width: 700px) 100vw, 700px\" \/><\/a><figcaption class=\"blocks-gallery-item__caption\">z\u0142omowanie pojazd\u00f3w<\/figcaption><\/figure><\/li><li class=\"blocks-gallery-item\"><figure><a href=\"https:\/\/pawex-oronsko.pl\/wp-content\/uploads\/2020\/06\/czesci-samochodowe.jpg\"><img loading=\"lazy\" decoding=\"async\" width=\"640\" height=\"427\" src=\"https:\/\/pawex-oronsko.pl\/wp-content\/uploads\/2020\/06\/czesci-samochodowe.jpg\" alt=\"\" data-id=\"7999\" data-full-url=\"https:\/\/pawex-oronsko.pl\/wp-content\/uploads\/2020\/06\/czesci-samochodowe.jpg\" data-link=\"https:\/\/pawex-oronsko.pl\/index.php\/czesci-samochodowe\/czesci-samochodowe\/\" class=\"wp-image-7999\" srcset=\"https:\/\/pawex-oronsko.pl\/wp-content\/uploads\/2020\/06\/czesci-samochodowe.jpg 640w, https:\/\/pawex-oronsko.pl\/wp-content\/uploads\/2020\/06\/czesci-samochodowe-300x200.jpg 300w\" sizes=\"auto, (max-width: 640px) 100vw, 640px\" \/><\/a><figcaption class=\"blocks-gallery-item__caption\">cz\u0119\u015bci samochodowe <\/figcaption><\/figure><\/li><li class=\"blocks-gallery-item\"><figure><a href=\"https:\/\/pawex-oronsko.pl\/wp-content\/uploads\/2020\/06\/IMG_11792.jpg\"><img loading=\"lazy\" decoding=\"async\" width=\"700\" height=\"525\" src=\"https:\/\/pawex-oronsko.pl\/wp-content\/uploads\/2020\/06\/IMG_11792.jpg\" alt=\"\" data-id=\"8161\" data-full-url=\"https:\/\/pawex-oronsko.pl\/wp-content\/uploads\/2020\/06\/IMG_11792.jpg\" data-link=\"https:\/\/pawex-oronsko.pl\/index.php\/o-firmie\/img_11792\/\" class=\"wp-image-8161\" srcset=\"https:\/\/pawex-oronsko.pl\/wp-content\/uploads\/2020\/06\/IMG_11792.jpg 700w, https:\/\/pawex-oronsko.pl\/wp-content\/uploads\/2020\/06\/IMG_11792-300x225.jpg 300w\" sizes=\"auto, (max-width: 700px) 100vw, 700px\" \/><\/a><figcaption class=\"blocks-gallery-item__caption\">Z\u0142omowanie samochod\u00f3w RADOM <\/figcaption><\/figure><\/li><\/ul><\/figure>\n","protected":false},"excerpt":{"rendered":"<p>Posiadamy Stacj\u0119 demonta\u017cu Pojazd\u00f3w, funkcjonuj\u0105c\u0105 zgodnie z zasadami okre\u015blonymi w ustawie \u201eo recyklingu pojazd\u00f3w wycofanych z eksploatacji\u201d z dnia 20.01.2005r. \u2013 pozwolenie Wojewody Mazowieckiego nr W\u015aR. III. DC \/6620\/65\/08 z dnia 07.11.2008r. wystawiamy za\u015bwiadczenia o kasacji, posiadamy w\u0142asny transport, skupujemy auta kompletne i powypadkowe.<\/p>\n","protected":false},"author":1,"featured_media":0,"parent":0,"menu_order":0,"comment_status":"closed","ping_status":"closed","template":"","meta":{"footnotes":""},"class_list":["post-7992","page","type-page","status-publish","hentry"],"yoast_head":"<!-- This site is optimized with the Yoast SEO plugin v25.5 - https:\/\/yoast.com\/wordpress\/plugins\/seo\/ -->\n<title>Stacja demonta\u017cu pojazd\u00f3w - PAWEX-ORO\u0143SKO<\/title>\n<meta name=\"robots\" content=\"index, follow, max-snippet:-1, max-image-preview:large, max-video-preview:-1\" \/>\n<link rel=\"canonical\" href=\"https:\/\/pawex-oronsko.pl\/index.php\/stacja-demontazu-pojazdow\/\" \/>\n<meta property=\"og:locale\" content=\"pl_PL\" \/>\n<meta property=\"og:type\" content=\"article\" \/>\n<meta property=\"og:title\" content=\"Stacja demonta\u017cu pojazd\u00f3w - PAWEX-ORO\u0143SKO\" \/>\n<meta property=\"og:description\" content=\"Posiadamy Stacj\u0119 demonta\u017cu Pojazd\u00f3w, funkcjonuj\u0105c\u0105 zgodnie z zasadami okre\u015blonymi w ustawie \u201eo recyklingu pojazd\u00f3w wycofanych z eksploatacji\u201d z dnia 20.01.2005r. \u2013 pozwolenie Wojewody Mazowieckiego nr W\u015aR. III. DC \/6620\/65\/08 z dnia 07.11.2008r. wystawiamy za\u015bwiadczenia o kasacji, posiadamy w\u0142asny transport, skupujemy auta kompletne i powypadkowe.\" \/>\n<meta property=\"og:url\" content=\"https:\/\/pawex-oronsko.pl\/index.php\/stacja-demontazu-pojazdow\/\" \/>\n<meta property=\"og:site_name\" content=\"PAWEX-ORO\u0143SKO\" \/>\n<meta property=\"article:modified_time\" content=\"2020-06-15T09:36:58+00:00\" \/>\n<meta property=\"og:image\" content=\"https:\/\/pawex-oronsko.pl\/wp-content\/uploads\/2020\/06\/IMG_1168.jpg\" \/>\n<meta name=\"twitter:card\" content=\"summary_large_image\" \/>\n<script type=\"application\/ld+json\" class=\"yoast-schema-graph\">{\"@context\":\"https:\/\/schema.org\",\"@graph\":[{\"@type\":\"WebPage\",\"@id\":\"https:\/\/pawex-oronsko.pl\/index.php\/stacja-demontazu-pojazdow\/\",\"url\":\"https:\/\/pawex-oronsko.pl\/index.php\/stacja-demontazu-pojazdow\/\",\"name\":\"Stacja demonta\u017cu pojazd\u00f3w - PAWEX-ORO\u0143SKO\",\"isPartOf\":{\"@id\":\"https:\/\/pawex-oronsko.pl\/#website\"},\"primaryImageOfPage\":{\"@id\":\"https:\/\/pawex-oronsko.pl\/index.php\/stacja-demontazu-pojazdow\/#primaryimage\"},\"image\":{\"@id\":\"https:\/\/pawex-oronsko.pl\/index.php\/stacja-demontazu-pojazdow\/#primaryimage\"},\"thumbnailUrl\":\"https:\/\/pawex-oronsko.pl\/wp-content\/uploads\/2020\/06\/IMG_1168.jpg\",\"datePublished\":\"2020-06-08T09:18:07+00:00\",\"dateModified\":\"2020-06-15T09:36:58+00:00\",\"breadcrumb\":{\"@id\":\"https:\/\/pawex-oronsko.pl\/index.php\/stacja-demontazu-pojazdow\/#breadcrumb\"},\"inLanguage\":\"pl-PL\",\"potentialAction\":[{\"@type\":\"ReadAction\",\"target\":[\"https:\/\/pawex-oronsko.pl\/index.php\/stacja-demontazu-pojazdow\/\"]}]},{\"@type\":\"ImageObject\",\"inLanguage\":\"pl-PL\",\"@id\":\"https:\/\/pawex-oronsko.pl\/index.php\/stacja-demontazu-pojazdow\/#primaryimage\",\"url\":\"https:\/\/pawex-oronsko.pl\/wp-content\/uploads\/2020\/06\/IMG_1168.jpg\",\"contentUrl\":\"https:\/\/pawex-oronsko.pl\/wp-content\/uploads\/2020\/06\/IMG_1168.jpg\"},{\"@type\":\"BreadcrumbList\",\"@id\":\"https:\/\/pawex-oronsko.pl\/index.php\/stacja-demontazu-pojazdow\/#breadcrumb\",\"itemListElement\":[{\"@type\":\"ListItem\",\"position\":1,\"name\":\"Strona g\u0142\u00f3wna\",\"item\":\"https:\/\/pawex-oronsko.pl\/\"},{\"@type\":\"ListItem\",\"position\":2,\"name\":\"Stacja demonta\u017cu pojazd\u00f3w\"}]},{\"@type\":\"WebSite\",\"@id\":\"https:\/\/pawex-oronsko.pl\/#website\",\"url\":\"https:\/\/pawex-oronsko.pl\/\",\"name\":\"PAWEX-ORO\u0143SKO\",\"description\":\"Z\u0142omowanie pojazd\u00f3w\",\"potentialAction\":[{\"@type\":\"SearchAction\",\"target\":{\"@type\":\"EntryPoint\",\"urlTemplate\":\"https:\/\/pawex-oronsko.pl\/?s={search_term_string}\"},\"query-input\":{\"@type\":\"PropertyValueSpecification\",\"valueRequired\":true,\"valueName\":\"search_term_string\"}}],\"inLanguage\":\"pl-PL\"}]}<\/script>\n<!-- \/ Yoast SEO plugin. -->","yoast_head_json":{"title":"Stacja demonta\u017cu pojazd\u00f3w - PAWEX-ORO\u0143SKO","robots":{"index":"index","follow":"follow","max-snippet":"max-snippet:-1","max-image-preview":"max-image-preview:large","max-video-preview":"max-video-preview:-1"},"canonical":"https:\/\/pawex-oronsko.pl\/index.php\/stacja-demontazu-pojazdow\/","og_locale":"pl_PL","og_type":"article","og_title":"Stacja demonta\u017cu pojazd\u00f3w - PAWEX-ORO\u0143SKO","og_description":"Posiadamy Stacj\u0119 demonta\u017cu Pojazd\u00f3w, funkcjonuj\u0105c\u0105 zgodnie z zasadami okre\u015blonymi w ustawie \u201eo recyklingu pojazd\u00f3w wycofanych z eksploatacji\u201d z dnia 20.01.2005r. \u2013 pozwolenie Wojewody Mazowieckiego nr W\u015aR. III. DC \/6620\/65\/08 z dnia 07.11.2008r. wystawiamy za\u015bwiadczenia o kasacji, posiadamy w\u0142asny transport, skupujemy auta kompletne i powypadkowe.","og_url":"https:\/\/pawex-oronsko.pl\/index.php\/stacja-demontazu-pojazdow\/","og_site_name":"PAWEX-ORO\u0143SKO","article_modified_time":"2020-06-15T09:36:58+00:00","og_image":[{"url":"https:\/\/pawex-oronsko.pl\/wp-content\/uploads\/2020\/06\/IMG_1168.jpg","type":"","width":"","height":""}],"twitter_card":"summary_large_image","schema":{"@context":"https:\/\/schema.org","@graph":[{"@type":"WebPage","@id":"https:\/\/pawex-oronsko.pl\/index.php\/stacja-demontazu-pojazdow\/","url":"https:\/\/pawex-oronsko.pl\/index.php\/stacja-demontazu-pojazdow\/","name":"Stacja demonta\u017cu pojazd\u00f3w - PAWEX-ORO\u0143SKO","isPartOf":{"@id":"https:\/\/pawex-oronsko.pl\/#website"},"primaryImageOfPage":{"@id":"https:\/\/pawex-oronsko.pl\/index.php\/stacja-demontazu-pojazdow\/#primaryimage"},"image":{"@id":"https:\/\/pawex-oronsko.pl\/index.php\/stacja-demontazu-pojazdow\/#primaryimage"},"thumbnailUrl":"https:\/\/pawex-oronsko.pl\/wp-content\/uploads\/2020\/06\/IMG_1168.jpg","datePublished":"2020-06-08T09:18:07+00:00","dateModified":"2020-06-15T09:36:58+00:00","breadcrumb":{"@id":"https:\/\/pawex-oronsko.pl\/index.php\/stacja-demontazu-pojazdow\/#breadcrumb"},"inLanguage":"pl-PL","potentialAction":[{"@type":"ReadAction","target":["https:\/\/pawex-oronsko.pl\/index.php\/stacja-demontazu-pojazdow\/"]}]},{"@type":"ImageObject","inLanguage":"pl-PL","@id":"https:\/\/pawex-oronsko.pl\/index.php\/stacja-demontazu-pojazdow\/#primaryimage","url":"https:\/\/pawex-oronsko.pl\/wp-content\/uploads\/2020\/06\/IMG_1168.jpg","contentUrl":"https:\/\/pawex-oronsko.pl\/wp-content\/uploads\/2020\/06\/IMG_1168.jpg"},{"@type":"BreadcrumbList","@id":"https:\/\/pawex-oronsko.pl\/index.php\/stacja-demontazu-pojazdow\/#breadcrumb","itemListElement":[{"@type":"ListItem","position":1,"name":"Strona g\u0142\u00f3wna","item":"https:\/\/pawex-oronsko.pl\/"},{"@type":"ListItem","position":2,"name":"Stacja demonta\u017cu pojazd\u00f3w"}]},{"@type":"WebSite","@id":"https:\/\/pawex-oronsko.pl\/#website","url":"https:\/\/pawex-oronsko.pl\/","name":"PAWEX-ORO\u0143SKO","description":"Z\u0142omowanie pojazd\u00f3w","potentialAction":[{"@type":"SearchAction","target":{"@type":"EntryPoint","urlTemplate":"https:\/\/pawex-oronsko.pl\/?s={search_term_string}"},"query-input":{"@type":"PropertyValueSpecification","valueRequired":true,"valueName":"search_term_string"}}],"inLanguage":"pl-PL"}]}},"_links":{"self":[{"href":"https:\/\/pawex-oronsko.pl\/index.php\/wp-json\/wp\/v2\/pages\/7992","targetHints":{"allow":["GET"]}}],"collection":[{"href":"https:\/\/pawex-oronsko.pl\/index.php\/wp-json\/wp\/v2\/pages"}],"about":[{"href":"https:\/\/pawex-oronsko.pl\/index.php\/wp-json\/wp\/v2\/types\/page"}],"author":[{"embeddable":true,"href":"https:\/\/pawex-oronsko.pl\/index.php\/wp-json\/wp\/v2\/users\/1"}],"replies":[{"embeddable":true,"href":"https:\/\/pawex-oronsko.pl\/index.php\/wp-json\/wp\/v2\/comments?post=7992"}],"version-history":[{"count":5,"href":"https:\/\/pawex-oronsko.pl\/index.php\/wp-json\/wp\/v2\/pages\/7992\/revisions"}],"predecessor-version":[{"id":8180,"href":"https:\/\/pawex-oronsko.pl\/index.php\/wp-json\/wp\/v2\/pages\/7992\/revisions\/8180"}],"wp:attachment":[{"href":"https:\/\/pawex-oronsko.pl\/index.php\/wp-json\/wp\/v2\/media?parent=7992"}],"curies":[{"name":"wp","href":"https:\/\/api.w.org\/{rel}","templated":true}]}}